{"id":117,"date":"2015-05-27T13:50:36","date_gmt":"2015-05-27T11:50:36","guid":{"rendered":"http:\/\/neu.rspp.ch\/?page_id=117"},"modified":"2025-11-19T16:30:21","modified_gmt":"2025-11-19T15:30:21","slug":"projet","status":"publish","type":"page","link":"https:\/\/www.rollstuhlparkplatz.ch\/fr\/projet\/","title":{"rendered":"Projet"},"content":{"rendered":"<p>Il existe en Suisse environ 15\u2018000 places de parking publiques pour personnes handicap\u00e9es. Dans le pass\u00e9, des donn\u00e9es pr\u00e9cises concernant le nombre et l&#8217;emplacement de ces places de parking n&rsquo;\u00e9taient toutefois pas disponibles. Cette situation n&rsquo;\u00e9tait pas satisfaisante pour les personnes concern\u00e9es. Pour garantir leur mobilit\u00e9 dans la vie quotidienne et leur int\u00e9gration dans la vie professionnelle, elles ont un besoin urgent de disposer de possibilit\u00e9s de parking ad\u00e9quates et d&rsquo;informations sur leur emplacement.<\/p>\n<p>Initi\u00e9e par l&rsquo;informaticien Urban K\u00e4gi de la BitBee Solutions GmbH, lui-m\u00eame utilisateur de chaise roulante, et le professeur Stefan Keller de la Geometa Lab de la HSR, la plateforme placehandicape.ch a \u00e9t\u00e9 cr\u00e9\u00e9e en collaboration avec l&rsquo;association professionnelle IGS. Depuis, plus de 12\u2018000 places de parc pour personnes handicap\u00e9es ont \u00e9t\u00e9 saisies, document\u00e9es et mises \u00e0 disposition au moyen de cartes interactives par les bureaux de g\u00e9om\u00e8tres, avec la haute pr\u00e9cision requise.<\/p>\n<p>Gr\u00e2ce au soutien du Bureau f\u00e9d\u00e9ral de l&rsquo;\u00e9galit\u00e9 pour les personnes handicap\u00e9es (BFEH), de l\u2019IGS (Ing\u00e9nieurs G\u00e9om\u00e8tres Suisses) et de nombreuses fondations et institutions, notre projet a d\u00e9sormais atteint sa vitesse de croisi\u00e8re. Le crowdsourcing a permis de compl\u00e9ter de fa\u00e7on importante la saisie des places, mais cela s\u2019est av\u00e9r\u00e9 insuffisant. Des partenariats avec les cantons pour conna\u00eetre les nouvelles places r\u00e9alis\u00e9es et surtout l\u2019utilisation de l\u2019Intelligence Artificielle vont permettre \u00e0 court terme, de comp\u00e9ter la saisie sur l\u2019ensemble du territoire Suisse.<\/p>\n<p>&nbsp;<\/p>\n<p><img loading=\"lazy\" decoding=\"async\" class=\"alignnone wp-image-377 size-large\" src=\"https:\/\/www.rollstuhlparkplatz.ch\/wp-content\/uploads\/2025\/11\/projekt-rollstuhlparkplatz-1024x678.jpg\" alt=\"Urban K\u00e4gi steht mit seinem Rollstuhl auf einem Rollstuhlparkplatz.\" width=\"1024\" height=\"678\" srcset=\"https:\/\/www.rollstuhlparkplatz.ch\/wp-content\/uploads\/2025\/11\/projekt-rollstuhlparkplatz-1024x678.jpg 1024w, https:\/\/www.rollstuhlparkplatz.ch\/wp-content\/uploads\/2025\/11\/projekt-rollstuhlparkplatz-300x199.jpg 300w, https:\/\/www.rollstuhlparkplatz.ch\/wp-content\/uploads\/2025\/11\/projekt-rollstuhlparkplatz-768x509.jpg 768w, https:\/\/www.rollstuhlparkplatz.ch\/wp-content\/uploads\/2025\/11\/projekt-rollstuhlparkplatz-1536x1017.jpg 1536w, https:\/\/www.rollstuhlparkplatz.ch\/wp-content\/uploads\/2025\/11\/projekt-rollstuhlparkplatz-2048x1356.jpg 2048w\" sizes=\"(max-width: 1024px) 100vw, 1024px\" \/><\/p>\n","protected":false},"excerpt":{"rendered":"<p>Il existe en Suisse environ 15\u2018000 places de parking publiques pour personnes handicap\u00e9es. Dans le pass\u00e9, des donn\u00e9es pr\u00e9cises concernant le nombre et l&#8217;emplacement de ces places de parking n&rsquo;\u00e9taient toutefois pas disponibles. Cette situation n&rsquo;\u00e9tait pas satisfaisante pour les personnes concern\u00e9es. Pour garantir leur mobilit\u00e9 dans la vie quotidienne et leur int\u00e9gration dans la [&hellip;]<\/p>\n","protected":false},"author":7,"featured_media":0,"parent":0,"menu_order":0,"comment_status":"closed","ping_status":"closed","template":"views\/page-project.php","meta":{"footnotes":""},"class_list":["post-117","page","type-page","status-publish","hentry"],"_links":{"self":[{"href":"https:\/\/www.rollstuhlparkplatz.ch\/fr\/wp-json\/wp\/v2\/pages\/117"}],"collection":[{"href":"https:\/\/www.rollstuhlparkplatz.ch\/fr\/wp-json\/wp\/v2\/pages"}],"about":[{"href":"https:\/\/www.rollstuhlparkplatz.ch\/fr\/wp-json\/wp\/v2\/types\/page"}],"author":[{"embeddable":true,"href":"https:\/\/www.rollstuhlparkplatz.ch\/fr\/wp-json\/wp\/v2\/users\/7"}],"replies":[{"embeddable":true,"href":"https:\/\/www.rollstuhlparkplatz.ch\/fr\/wp-json\/wp\/v2\/comments?post=117"}],"version-history":[{"count":13,"href":"https:\/\/www.rollstuhlparkplatz.ch\/fr\/wp-json\/wp\/v2\/pages\/117\/revisions"}],"predecessor-version":[{"id":380,"href":"https:\/\/www.rollstuhlparkplatz.ch\/fr\/wp-json\/wp\/v2\/pages\/117\/revisions\/380"}],"wp:attachment":[{"href":"https:\/\/www.rollstuhlparkplatz.ch\/fr\/wp-json\/wp\/v2\/media?parent=117"}],"curies":[{"name":"wp","href":"https:\/\/api.w.org\/{rel}","templated":true}]}}