{"id":355,"date":"2025-11-18T09:04:53","date_gmt":"2025-11-18T08:04:53","guid":{"rendered":"https:\/\/www.rollstuhlparkplatz.ch\/?page_id=355"},"modified":"2025-11-18T09:07:14","modified_gmt":"2025-11-18T08:07:14","slug":"page-daccueil","status":"publish","type":"page","link":"https:\/\/www.rollstuhlparkplatz.ch\/fr\/","title":{"rendered":"Page d&rsquo;accueil"},"content":{"rendered":"<h2>Des bureaux de g\u00e9om\u00e8tres soutiennent \u00e9galement notre projet !<\/h2>\n<p>En 2019, nous avions appel\u00e9 les bureaux de g\u00e9om\u00e8tres qui le souhaitaient \u00e0 nous faire part de leur intention de renoncer \u00e0 la facturation des saisies pour les places de stationnement.<\/p>\n<p>Nous avons re\u00e7u des r\u00e9ponses de bureaux pr\u00eats \u00e0 soutenir financi\u00e8rement notre projet et je tiens \u00e0 les remercier sinc\u00e8rement. Par leur engagement, ils contribuent \u00e0 la p\u00e9rennit\u00e9 de notre action.<\/p>\n<p>\u00c0 ce jour, il s&rsquo;agit des bureaux suivants:<\/p>\n<ul>\n<li>Frick &amp; Partner<\/li>\n<li>Geozug Ingenieure AG<\/li>\n<li>Studio d&rsquo;ingegneria Andreotti &amp; Partners SA<\/li>\n<li>Geomatik und Vermessung Horgen<\/li>\n<\/ul>\n<p>Si vous d\u00e9sirez \u00e9galement participer \u00e0 cette liste, vous pouvez simplement le communiques par mail \u00e0 l&rsquo;adresse : <a href=\"mailto:maurice.barbieri@accessibility-data.ch\">maurice.barbieri@accessibility-data.ch<\/a><\/p>\n<p>Maurice Barbieri<br \/>\nPr\u00e9sident Accessibility Data<\/p>\n","protected":false},"excerpt":{"rendered":"<p>Des bureaux de g\u00e9om\u00e8tres soutiennent \u00e9galement notre projet ! En 2019, nous avions appel\u00e9 les bureaux de g\u00e9om\u00e8tres qui le souhaitaient \u00e0 nous faire part de leur intention de renoncer \u00e0 la facturation des saisies pour les places de stationnement. Nous avons re\u00e7u des r\u00e9ponses de bureaux pr\u00eats \u00e0 soutenir financi\u00e8rement notre projet et je [&hellip;]<\/p>\n","protected":false},"author":7,"featured_media":0,"parent":0,"menu_order":0,"comment_status":"closed","ping_status":"closed","template":"","meta":{"footnotes":""},"class_list":["post-355","page","type-page","status-publish","hentry"],"_links":{"self":[{"href":"https:\/\/www.rollstuhlparkplatz.ch\/fr\/wp-json\/wp\/v2\/pages\/355"}],"collection":[{"href":"https:\/\/www.rollstuhlparkplatz.ch\/fr\/wp-json\/wp\/v2\/pages"}],"about":[{"href":"https:\/\/www.rollstuhlparkplatz.ch\/fr\/wp-json\/wp\/v2\/types\/page"}],"author":[{"embeddable":true,"href":"https:\/\/www.rollstuhlparkplatz.ch\/fr\/wp-json\/wp\/v2\/users\/7"}],"replies":[{"embeddable":true,"href":"https:\/\/www.rollstuhlparkplatz.ch\/fr\/wp-json\/wp\/v2\/comments?post=355"}],"version-history":[{"count":1,"href":"https:\/\/www.rollstuhlparkplatz.ch\/fr\/wp-json\/wp\/v2\/pages\/355\/revisions"}],"predecessor-version":[{"id":357,"href":"https:\/\/www.rollstuhlparkplatz.ch\/fr\/wp-json\/wp\/v2\/pages\/355\/revisions\/357"}],"wp:attachment":[{"href":"https:\/\/www.rollstuhlparkplatz.ch\/fr\/wp-json\/wp\/v2\/media?parent=355"}],"curies":[{"name":"wp","href":"https:\/\/api.w.org\/{rel}","templated":true}]}}