{"id":119,"date":"2015-05-27T13:50:36","date_gmt":"2015-05-27T11:50:36","guid":{"rendered":"http:\/\/neu.rspp.ch\/?page_id=119"},"modified":"2025-11-19T16:30:42","modified_gmt":"2025-11-19T15:30:42","slug":"progetto","status":"publish","type":"page","link":"https:\/\/www.rollstuhlparkplatz.ch\/it\/progetto\/","title":{"rendered":"Progetto"},"content":{"rendered":"<p>In Svizzera ci sono circa 15.000 posti di parcheggio pubblici per le persone disabili. Finora non erano tuttavia disponibili indicazioni precise in merito al numero e all\u2019ubicazione di questi parcheggi. Questa situazione \u00e8 insoddisfacente per le persone coinvolte. Per garantire loro la mobilit\u00e0 nella vita di tutti i giorni e l&#8217;integrazione nel mondo del lavoro, queste hanno un urgente bisogno di adeguate strutture di parcheggio e di informazioni sulla loro posizione .<\/p>\n<p>Avviata dall&#8217;informatico Urban Kaegi della ditta BitBee Solutions GmbH, che \u00e8 lui stesso un utente di sedia a rotelle, e dal professor Stefan Keller del GeoMeta Lab della HSR , la piattaforma parcheggiodisabili.ch \u00e8 stata creata in collaborazione con l&#8217;associazione professionale IGS. Da allora, oltre 12.000 posti auto per disabili sono stati misurati, documentati e resi disponibili attraverso mappe interattive dagli uffici dei geometri, con la richiesta alta precisione.<\/p>\n<p>Grazie al sostegno dell&#8217;Ufficio federale per la parit\u00e0 dei diritti delle persone con disabilit\u00e0 (UFPD), dell&#8217;IGS (Ingegneri geometri svizzeri) e di numerose fondazioni e istituzioni, il nostro progetto ha ormai raggiunto la sua velocit\u00e0 di crociera. Il crowdsourcing ha permesso di completare in modo significativo la registrazione dei posti, ma ci\u00f2 si \u00e8 rivelato insufficiente. La collaborazione con i Cantoni per conoscere i nuovi posti realizzati e, soprattutto, l&#8217;utilizzo dell&#8217;intelligenza artificiale consentiranno a breve termine di completare la registrazione su tutto il territorio svizzero.<\/p>\n<p><img loading=\"lazy\" decoding=\"async\" class=\"alignnone wp-image-378 size-large\" src=\"https:\/\/www.rollstuhlparkplatz.ch\/wp-content\/uploads\/2025\/11\/projekt-rollstuhlparkplatz-1024x678.jpg\" alt=\"Urban K\u00e4gi steht mit seinem Rollstuhl auf einem Rollstuhlparkplatz.\" width=\"1024\" height=\"678\" srcset=\"https:\/\/www.rollstuhlparkplatz.ch\/wp-content\/uploads\/2025\/11\/projekt-rollstuhlparkplatz-1024x678.jpg 1024w, https:\/\/www.rollstuhlparkplatz.ch\/wp-content\/uploads\/2025\/11\/projekt-rollstuhlparkplatz-300x199.jpg 300w, https:\/\/www.rollstuhlparkplatz.ch\/wp-content\/uploads\/2025\/11\/projekt-rollstuhlparkplatz-768x509.jpg 768w, https:\/\/www.rollstuhlparkplatz.ch\/wp-content\/uploads\/2025\/11\/projekt-rollstuhlparkplatz-1536x1017.jpg 1536w, https:\/\/www.rollstuhlparkplatz.ch\/wp-content\/uploads\/2025\/11\/projekt-rollstuhlparkplatz-2048x1356.jpg 2048w\" sizes=\"(max-width: 1024px) 100vw, 1024px\" \/><\/p>\n<p>&nbsp;<\/p>\n","protected":false},"excerpt":{"rendered":"<p>In Svizzera ci sono circa 15.000 posti di parcheggio pubblici per le persone disabili. Finora non erano tuttavia disponibili indicazioni precise in merito al numero e all\u2019ubicazione di questi parcheggi. Questa situazione \u00e8 insoddisfacente per le persone coinvolte. Per garantire loro la mobilit\u00e0 nella vita di tutti i giorni e l&#8217;integrazione nel mondo del lavoro, [&hellip;]<\/p>\n","protected":false},"author":7,"featured_media":0,"parent":0,"menu_order":0,"comment_status":"closed","ping_status":"closed","template":"views\/page-project.php","meta":{"footnotes":""},"class_list":["post-119","page","type-page","status-publish","hentry"],"_links":{"self":[{"href":"https:\/\/www.rollstuhlparkplatz.ch\/it\/wp-json\/wp\/v2\/pages\/119"}],"collection":[{"href":"https:\/\/www.rollstuhlparkplatz.ch\/it\/wp-json\/wp\/v2\/pages"}],"about":[{"href":"https:\/\/www.rollstuhlparkplatz.ch\/it\/wp-json\/wp\/v2\/types\/page"}],"author":[{"embeddable":true,"href":"https:\/\/www.rollstuhlparkplatz.ch\/it\/wp-json\/wp\/v2\/users\/7"}],"replies":[{"embeddable":true,"href":"https:\/\/www.rollstuhlparkplatz.ch\/it\/wp-json\/wp\/v2\/comments?post=119"}],"version-history":[{"count":6,"href":"https:\/\/www.rollstuhlparkplatz.ch\/it\/wp-json\/wp\/v2\/pages\/119\/revisions"}],"predecessor-version":[{"id":381,"href":"https:\/\/www.rollstuhlparkplatz.ch\/it\/wp-json\/wp\/v2\/pages\/119\/revisions\/381"}],"wp:attachment":[{"href":"https:\/\/www.rollstuhlparkplatz.ch\/it\/wp-json\/wp\/v2\/media?parent=119"}],"curies":[{"name":"wp","href":"https:\/\/api.w.org\/{rel}","templated":true}]}}